{"id":865,"date":"2025-02-01T06:03:20","date_gmt":"2025-02-01T06:03:20","guid":{"rendered":"https:\/\/altera.ee\/?post_type=product&#038;p=865"},"modified":"2025-03-02T18:11:59","modified_gmt":"2025-03-02T16:11:59","slug":"b-kategooria-koolitus","status":"publish","type":"product","link":"https:\/\/altera.ee\/ru\/product\/b-kategooria-koolitus\/","title":{"rendered":"\u041a\u0430\u0442\u0435\u0433\u043e\u0440\u0438\u044f \"B\""},"content":{"rendered":"<h2><span style=\"font-family: arial, helvetica, sans-serif;\">\u041e\u0431\u0443\u0447\u0435\u043d\u0438\u0435 \u043d\u0430 \u043a\u0430\u0442\u0435\u0433\u043e\u0440\u0438\u044e \"B\"<\/span><\/h2>\n<p><span style=\"font-family: arial, helvetica, sans-serif;\">\ud83d\udd34 <span style=\"color: #ff0000; font-size: 14pt;\"><strong>\u0421 15,5 \u043b\u0435\u0442<\/strong><\/span><\/span><\/p>\n<p><span style=\"font-family: helvetica, arial, sans-serif; font-size: 14pt;\">B-kategooria juhiluba ehk lihtsalt &#8220;load&#8221; \u2013 see on sinu v\u00f5imalus nautida k\u00f5iki juhi eeliseid. Load v\u00f5imaldavad juhtida kuni 3500 kg t\u00e4ismassiga s\u00f5idukit, mis on ette n\u00e4htud kuni 8 reisija (v\u00e4lja arvatud juht) vedamiseks.<\/span><br \/>\n<span style=\"font-family: helvetica, arial, sans-serif; font-size: 14pt;\">\u041e\u0431\u0443\u0447\u0435\u043d\u0438\u0435 \u043d\u0430 \u043a\u0430\u0442\u0435\u0433\u043e\u0440\u0438\u044e B \u0432 \u043d\u0430\u0448\u0435\u0439 \u0430\u0432\u0442\u043e\u0448\u043a\u043e\u043b\u0435 \u2014 \u044d\u0442\u043e \u0431\u044b\u0441\u0442\u0440\u044b\u0439, \u043f\u0440\u0438\u044f\u0442\u043d\u044b\u0439 \u0438 \u043a\u0430\u0447\u0435\u0441\u0442\u0432\u0435\u043d\u043d\u044b\u0439 \u043f\u0440\u043e\u0446\u0435\u0441\u0441, \u0432 \u0440\u0435\u0437\u0443\u043b\u044c\u0442\u0430\u0442\u0435 \u043a\u043e\u0442\u043e\u0440\u043e\u0433\u043e \u0432\u044b \u0441\u0442\u0430\u043d\u0435\u0442\u0435 \u0443\u043c\u0435\u043b\u044b\u043c \u0438 \u0443\u0432\u0435\u0440\u0435\u043d\u043d\u044b\u043c \u0432\u043e\u0434\u0438\u0442\u0435\u043b\u0435\u043c.<\/span><\/p>\n<p><span style=\"font-size: 14pt; font-family: helvetica, arial, sans-serif;\"><strong>\u0423\u0441\u043b\u043e\u0432\u0438\u044f \u0440\u0435\u0433\u0438\u0441\u0442\u0440\u0430\u0446\u0438\u0438 \u043d\u0430 \u043a\u0443\u0440\u0441\u044b \u043a\u0430\u0442\u0435\u0433\u043e\u0440\u0438\u0438 B:<\/strong><\/span><\/p>\n<p><span style=\"font-family: helvetica, arial, sans-serif; font-size: 14pt;\"><strong><span style=\"color: #0000ff;\">\u2714<\/span><\/strong> \u0414\u0435\u0439\u0441\u0442\u0432\u0443\u044e\u0449\u0438\u0439 \u0432\u0438\u0434 \u043d\u0430 \u0436\u0438\u0442\u0435\u043b\u044c\u0441\u0442\u0432\u043e \u0432 \u042d\u0441\u0442\u043e\u043d\u0438\u0438 \u043d\u0435 \u043c\u0435\u043d\u0435\u0435 \u043f\u043e\u0441\u043b\u0435\u0434\u043d\u0438\u0445 6 \u043c\u0435\u0441\u044f\u0446\u0435\u0432.<\/span><\/p>\n<p><span style=\"font-family: helvetica, arial, sans-serif; font-size: 14pt;\"><span style=\"color: #0000ff;\"><strong>\u2714<\/strong><\/span> \u0413\u043e\u0441\u0443\u0434\u0430\u0440\u0441\u0442\u0432\u0435\u043d\u043d\u044b\u0439 \u0442\u0435\u043e\u0440\u0435\u0442\u0438\u0447\u0435\u0441\u043a\u0438\u0439 \u044d\u043a\u0437\u0430\u043c\u0435\u043d \u043c\u043e\u0436\u043d\u043e \u0441\u0434\u0430\u0442\u044c \u0437\u0430 6 \u043c\u0435\u0441\u044f\u0446\u0435\u0432 \u0434\u043e \u0434\u043e\u0441\u0442\u0438\u0436\u0435\u043d\u0438\u044f 18 \u043b\u0435\u0442.<\/span><br \/>\n<span style=\"font-family: helvetica, arial, sans-serif; font-size: 14pt;\"><span style=\"color: #0000ff;\"><strong>\u2714<\/strong><\/span> \u0413\u043e\u0441\u0443\u0434\u0430\u0440\u0441\u0442\u0432\u0435\u043d\u043d\u044b\u0439 \u043f\u0440\u0430\u043a\u0442\u0438\u0447\u0435\u0441\u043a\u0438\u0439 \u044d\u043a\u0437\u0430\u043c\u0435\u043d \u043c\u043e\u0436\u043d\u043e \u0441\u0434\u0430\u0442\u044c \u0437\u0430 3 \u043c\u0435\u0441\u044f\u0446\u0430 \u0434\u043e \u0434\u043e\u0441\u0442\u0438\u0436\u0435\u043d\u0438\u044f 18 \u043b\u0435\u0442.<\/span><\/p>\n<p><span style=\"font-size: 14pt; font-family: helvetica, arial, sans-serif;\"><strong>\u041e\u0433\u0440\u0430\u043d\u0438\u0447\u0435\u043d\u043d\u043e\u0435 \u043f\u0440\u0430\u0432\u043e \u043d\u0430 \u0432\u043e\u0436\u0434\u0435\u043d\u0438\u0435 (\u0442\u043e\u043b\u044c\u043a\u043e \u0432 \u0441\u043e\u043f\u0440\u043e\u0432\u043e\u0436\u0434\u0435\u043d\u0438\u0438 \u0440\u043e\u0434\u0438\u0442\u0435\u043b\u044f \u0438\u043b\u0438 \u043e\u043f\u0435\u043a\u0443\u043d\u0430):<\/strong><\/span><\/p>\n<p><span style=\"font-family: helvetica, arial, sans-serif; font-size: 14pt;\">\u041c\u0438\u043d\u0438\u043c\u0430\u043b\u044c\u043d\u044b\u0439 \u0432\u043e\u0437\u0440\u0430\u0441\u0442 \u0434\u043b\u044f \u0440\u0435\u0433\u0438\u0441\u0442\u0440\u0430\u0446\u0438\u0438 \u043d\u0430 \u043a\u0443\u0440\u0441\u044b \u2014 15,5 \u043b\u0435\u0442.<\/span><br \/>\n<span style=\"font-family: helvetica, arial, sans-serif; font-size: 14pt;\">\u041c\u0438\u043d\u0438\u043c\u0430\u043b\u044c\u043d\u044b\u0439 \u0432\u043e\u0437\u0440\u0430\u0441\u0442 \u0434\u043b\u044f \u043f\u043e\u043b\u0443\u0447\u0435\u043d\u0438\u044f \u0432\u043e\u0434\u0438\u0442\u0435\u043b\u044c\u0441\u043a\u043e\u0433\u043e \u0443\u0434\u043e\u0441\u0442\u043e\u0432\u0435\u0440\u0435\u043d\u0438\u044f \u0441 \u043e\u0433\u0440\u0430\u043d\u0438\u0447\u0435\u043d\u043d\u043e\u0439 \u043e\u0442\u0432\u0435\u0442\u0441\u0442\u0432\u0435\u043d\u043d\u043e\u0441\u0442\u044c\u044e \u2014 16 \u043b\u0435\u0442.<\/span><\/p>\n<p><span style=\"font-size: 14pt; font-family: helvetica, arial, sans-serif;\"><strong>\u041d\u0435\u043e\u0431\u0445\u043e\u0434\u0438\u043c\u044b\u0435 \u0434\u043e\u043a\u0443\u043c\u0435\u043d\u0442\u044b:<\/strong><\/span><\/p>\n<p><span style=\"font-family: helvetica, arial, sans-serif; font-size: 14pt;\"><span style=\"color: #0000ff;\"><strong>\u2714<\/strong><\/span> \u041a\u043e\u043f\u0438\u044f \u0434\u043e\u043a\u0443\u043c\u0435\u043d\u0442\u0430, \u0443\u0434\u043e\u0441\u0442\u043e\u0432\u0435\u0440\u044f\u044e\u0449\u0435\u0433\u043e \u043b\u0438\u0447\u043d\u043e\u0441\u0442\u044c (\u043f\u0430\u0441\u043f\u043e\u0440\u0442, ID-\u043a\u0430\u0440\u0442\u0430).<\/span><br \/>\n<span style=\"font-family: helvetica, arial, sans-serif; font-size: 14pt;\"><span style=\"color: #0000ff;\"><strong>\u2714<\/strong><\/span> \u0414\u0435\u0439\u0441\u0442\u0432\u0443\u044e\u0449\u0430\u044f \u043c\u0435\u0434\u0438\u0446\u0438\u043d\u0441\u043a\u0430\u044f \u0441\u043f\u0440\u0430\u0432\u043a\u0430 \u0434\u043b\u044f \u043a\u0430\u0442\u0435\u0433\u043e\u0440\u0438\u0438 B.<\/span><br \/>\n<span style=\"font-family: helvetica, arial, sans-serif; font-size: 14pt;\"><span style=\"color: #0000ff;\"><strong>\u2714<\/strong><\/span> \u0426\u0438\u0444\u0440\u043e\u0432\u043e\u0435 \u0444\u043e\u0442\u043e\/\u0444\u043e\u0442\u043e (3,5\u00d74,5 \u0441\u043c).<\/span><\/p>\n<p><span style=\"font-size: 14pt; font-family: helvetica, arial, sans-serif;\"><strong>\u041e\u0431\u044f\u0437\u0430\u0442\u0435\u043b\u044c\u043d\u044b\u0439 \u043c\u0438\u043d\u0438\u043c\u0443\u043c \u043e\u0431\u0443\u0447\u0435\u043d\u0438\u044f \u043d\u0430 \u043a\u0430\u0442\u0435\u0433\u043e\u0440\u0438\u044e B:<\/strong><\/span><\/p>\n<p><span style=\"font-family: helvetica, arial, sans-serif; font-size: 14pt;\"><span style=\"color: #0000ff;\"><strong>\u2714<\/strong><\/span> 29 \u0442\u0435\u043e\u0440\u0435\u0442\u0438\u0447\u0435\u0441\u043a\u0438\u0445 \u0437\u0430\u043d\u044f\u0442\u0438\u0439 (45 \u043c\u0438\u043d\u0443\u0442) + 1 \u0442\u0435\u043e\u0440\u0435\u0442\u0438\u0447\u0435\u0441\u043a\u0438\u0439 \u044d\u043a\u0437\u0430\u043c\u0435\u043d.<\/span><br \/>\n<span style=\"font-family: helvetica, arial, sans-serif; font-size: 14pt;\"><span style=\"color: #0000ff;\"><strong>\u2714<\/strong><\/span> 28 \u043f\u0440\u0430\u043a\u0442\u0438\u0447\u0435\u0441\u043a\u0438\u0445 \u0437\u0430\u043d\u044f\u0442\u0438\u0439 (45 \u043c\u0438\u043d\u0443\u0442).<\/span><\/p>\n<p><span style=\"font-family: helvetica, arial, sans-serif; font-size: 14pt;\">\u041e\u0431\u0443\u0447\u0435\u043d\u0438\u0435 \u0432 \u0430\u0432\u0442\u043e\u0448\u043a\u043e\u043b\u0435 \u043f\u0440\u043e\u0432\u043e\u0434\u0438\u0442\u0441\u044f \u043d\u0430 \u0430\u0432\u0442\u043e\u043c\u043e\u0431\u0438\u043b\u044f\u0445 <span style=\"color: #0000ff;\"><strong>Toyota Corolla, Auris \u0438 Verso<\/strong><\/span> s\u00f5idukitel.<\/span><\/p>\n<p><a href=\"https:\/\/altera.ee\/wp-content\/uploads\/2025\/02\/B-oppekava2022.pdf\"><span style=\"text-decoration: underline; font-family: helvetica, arial, sans-serif; font-size: 14pt; color: #0000ff;\"><strong>\u0423\u0427\u0415\u0411\u041d\u0410\u042f \u041f\u0420\u041e\u0413\u0420\u0410\u041c\u041c\u0410<\/strong><\/span><\/a><\/p>","protected":false},"excerpt":{"rendered":"<p><span style=\"font-family: helvetica, arial, sans-serif;\"><strong>\u270529 \u0447\u0430\u0441\u043e\u0432 \u0442\u0435\u043e\u0440\u0438\u0438<\/strong><\/span><\/p>\n<p><span style=\"font-family: helvetica, arial, sans-serif;\"><strong>\u270528 \u0447\u0430\u0441\u043e\u0432 \u043f\u0440\u0430\u043a\u0442\u0438\u043a\u0438<\/strong><\/span><\/p>\n<p><span style=\"font-family: helvetica, arial, sans-serif; color: #ff0000;\"><strong>\u041d\u0430\u0447\u0438\u043d\u0430\u044f \u0441 15,5 \u043b\u0435\u0442<\/strong><\/span><\/p>","protected":false},"featured_media":1141,"comment_status":"closed","ping_status":"closed","template":"","meta":{"_links_to":"","_links_to_target":""},"product_brand":[],"product_cat":[19],"product_tag":[],"class_list":{"0":"post-865","1":"product","2":"type-product","3":"status-publish","4":"has-post-thumbnail","6":"product_cat-uncategorized","8":"first","9":"instock","10":"sold-individually","11":"shipping-taxable","12":"purchasable","13":"product-type-simple"},"_links":{"self":[{"href":"https:\/\/altera.ee\/ru\/wp-json\/wp\/v2\/product\/865","targetHints":{"allow":["GET"]}}],"collection":[{"href":"https:\/\/altera.ee\/ru\/wp-json\/wp\/v2\/product"}],"about":[{"href":"https:\/\/altera.ee\/ru\/wp-json\/wp\/v2\/types\/product"}],"replies":[{"embeddable":true,"href":"https:\/\/altera.ee\/ru\/wp-json\/wp\/v2\/comments?post=865"}],"wp:featuredmedia":[{"embeddable":true,"href":"https:\/\/altera.ee\/ru\/wp-json\/wp\/v2\/media\/1141"}],"wp:attachment":[{"href":"https:\/\/altera.ee\/ru\/wp-json\/wp\/v2\/media?parent=865"}],"wp:term":[{"taxonomy":"product_brand","embeddable":true,"href":"https:\/\/altera.ee\/ru\/wp-json\/wp\/v2\/product_brand?post=865"},{"taxonomy":"product_cat","embeddable":true,"href":"https:\/\/altera.ee\/ru\/wp-json\/wp\/v2\/product_cat?post=865"},{"taxonomy":"product_tag","embeddable":true,"href":"https:\/\/altera.ee\/ru\/wp-json\/wp\/v2\/product_tag?post=865"}],"curies":[{"name":"wp","href":"https:\/\/api.w.org\/{rel}","templated":true}]}}