{"id":71,"date":"2025-01-27T12:25:30","date_gmt":"2025-01-27T12:25:30","guid":{"rendered":"https:\/\/altera.ee\/?page_id=71"},"modified":"2026-03-17T22:18:18","modified_gmt":"2026-03-17T20:18:18","slug":"kontakt","status":"publish","type":"page","link":"https:\/\/altera.ee\/ru\/kontakt\/","title":{"rendered":"\u041a\u043e\u043d\u0442\u0430\u043a\u0442"},"content":{"rendered":"<div data-elementor-type=\"wp-page\" data-elementor-id=\"71\" class=\"elementor elementor-71\">\n\t\t\t\t<div class=\"elementor-element elementor-element-9ab862c e-flex e-con-boxed wpr-particle-no wpr-jarallax-no wpr-parallax-no wpr-sticky-section-no e-con e-parent\" data-id=\"9ab862c\" data-element_type=\"container\" data-e-type=\"container\">\n\t\t\t\t\t<div class=\"e-con-inner\">\n\t\t<div class=\"elementor-element elementor-element-ecf1ea6 e-con-full e-flex wpr-particle-no wpr-jarallax-no wpr-parallax-no wpr-sticky-section-no e-con e-child\" data-id=\"ecf1ea6\" data-element_type=\"container\" data-e-type=\"container\" data-settings=\"{&quot;background_background&quot;:&quot;classic&quot;}\">\n\t\t\t\t<div class=\"elementor-element elementor-element-cffc88f eael-contact-form-7-button-align-left eael-contact-form-7-button-custom elementor-widget elementor-widget-eael-contact-form-7\" data-id=\"cffc88f\" data-element_type=\"widget\" data-e-type=\"widget\" data-widget_type=\"eael-contact-form-7.default\">\n\t\t\t\t<div class=\"elementor-widget-container\">\n\t\t\t\t\t<div class=\"eael-contact-form-7-wrapper\">\n                <div class=\"eael-contact-form eael-contact-form-7 eael-contact-form-cffc88f placeholder-show eael-contact-form-align-default\">\n<div class=\"wpcf7 no-js\" id=\"wpcf7-f762-o1\" lang=\"en-US\" dir=\"ltr\" data-wpcf7-id=\"762\">\n<div class=\"screen-reader-response\"><p role=\"status\" aria-live=\"polite\" aria-atomic=\"true\"><\/p> <ul><\/ul><\/div>\n<form action=\"\/ru\/wp-json\/wp\/v2\/pages\/71#wpcf7-f762-o1\" method=\"post\" class=\"wpcf7-form init\" aria-label=\"Contact form\" novalidate=\"novalidate\" data-status=\"init\" data-trp-original-action=\"\/ru\/wp-json\/wp\/v2\/pages\/71#wpcf7-f762-o1\">\n<fieldset class=\"hidden-fields-container\"><input type=\"hidden\" name=\"_wpcf7\" value=\"762\" \/><input type=\"hidden\" name=\"_wpcf7_version\" value=\"6.1.5\" \/><input type=\"hidden\" name=\"_wpcf7_locale\" value=\"en_US\" \/><input type=\"hidden\" name=\"_wpcf7_unit_tag\" value=\"wpcf7-f762-o1\" \/><input type=\"hidden\" name=\"_wpcf7_container_post\" value=\"0\" \/><input type=\"hidden\" name=\"_wpcf7_posted_data_hash\" value=\"\" \/><input type=\"hidden\" name=\"_wpcf7_recaptcha_response\" value=\"\" \/>\n<\/fieldset>\n<p><label> \u0412\u0430\u0448\u0435 \u0438\u043c\u044f<br \/>\n<span class=\"wpcf7-form-control-wrap\" data-name=\"your-name\"><input size=\"40\" maxlength=\"400\" class=\"wpcf7-form-control wpcf7-text wpcf7-validates-as-required\" autocomplete=\"name\" aria-required=\"true\" aria-invalid=\"false\" value=\"\" type=\"text\" name=\"your-name\" \/><\/span> <\/label>\n<\/p>\n<p><label> \u0412\u0430\u0448 e-mail<br \/>\n<span class=\"wpcf7-form-control-wrap\" data-name=\"your-email\"><input size=\"40\" maxlength=\"400\" class=\"wpcf7-form-control wpcf7-email wpcf7-validates-as-required wpcf7-text wpcf7-validates-as-email\" autocomplete=\"email\" aria-required=\"true\" aria-invalid=\"false\" value=\"\" type=\"email\" name=\"your-email\" \/><\/span> <\/label>\n<\/p>\n<p><label> \u0412\u0430\u0448 \u043d\u043e\u043c\u0435\u0440 \u0442\u0435\u043b\u0435\u0444\u043e\u043d\u0430:<br \/>\n<span class=\"wpcf7-form-control-wrap\" data-name=\"tel-117\"><input size=\"40\" maxlength=\"400\" class=\"wpcf7-form-control wpcf7-tel wpcf7-text wpcf7-validates-as-tel\" aria-invalid=\"false\" value=\"\" type=\"tel\" name=\"tel-117\" \/><\/span> <\/label>\n<\/p>\n<p><label> \u041d\u0430 \u043a\u0430\u043a\u043e\u0439 \u043a\u0443\u0440\u0441 \u0440\u0435\u0433\u0438\u0441\u0442\u0440\u0438\u0440\u0443\u0435\u0442\u0435\u0441\u044c?<br \/>\n<span class=\"wpcf7-form-control-wrap\" data-name=\"select-639\"><select class=\"wpcf7-form-control wpcf7-select\" aria-invalid=\"false\" name=\"select-639\"><option value=\"B-kategooria\">B \u041a\u0430\u0442\u0435\u0433\u043e\u0440\u0438\u044f<\/option><option value=\"BE-kategooria\">BE \u041a\u0430\u0442\u0435\u0433\u043e\u0440\u0438\u044f<\/option><option value=\"A-kategooria\">\u0410 \u041a\u0430\u0442\u0435\u0433\u043e\u0440\u0438\u044f<\/option><option value=\"A1-kategooria\">\u04101 \u041a\u0430\u0442\u0435\u0433\u043e\u0440\u0438\u044f<\/option><option value=\"A2-kategooria\">\u04102 \u041a\u0430\u0442\u0435\u0433\u043e\u0440\u0438\u044f<\/option><option value=\"AM-kategooria\">\u0410\u041c \u041a\u0430\u0442\u0435\u0433\u043e\u0440\u0438\u044f<\/option><option value=\"Pimedas\u00f5it\">\u041d\u043e\u0447\u043d\u0430\u044f \u0435\u0437\u0434\u0430<\/option><option value=\"Libedas\u00f5it\">\u0421\u043a\u043e\u043b\u044c\u0437\u043a\u0430\u044f \u0435\u0437\u0434\u0430<\/option><option value=\"Esmaabi koolitus\">\u041a\u0443\u0440\u0441 \u043f\u0435\u0440\u0432\u043e\u0439 \u043f\u043e\u043c\u043e\u0449\u0438<\/option><option value=\"Soovin infot\">\u0425\u043e\u0447\u0443 \u0443\u0437\u043d\u0430\u0442\u044c \u0438\u043d\u0444\u043e\u0440\u043c\u0430\u0446\u0438\u044e<\/option><\/select><\/span> <\/label>\n<\/p>\n<p><label> \u041d\u0430 \u043a\u0430\u0443\u044e \u0434\u0430\u0442\u0443 \u0445\u043e\u0442\u0438\u0442\u0435 \u0437\u0430\u0440\u0435\u0433\u0438\u0441\u0442\u0440\u0438\u0440\u043e\u0432\u0430\u0442\u044c\u0441\u044f? <\/label>\n<\/p>\n<p><b><a href=\"https:\/\/altera.ee\/ru\/category\/tunniplaan\/\">\u0420\u0410\u0421\u041f\u0418\u0421\u0410\u041d\u0418\u0415<\/a><\/b>\n<\/p>\n<p><span class=\"wpcf7-form-control-wrap\" data-name=\"your-message\"><textarea cols=\"40\" rows=\"10\" maxlength=\"2000\" class=\"wpcf7-form-control wpcf7-textarea\" aria-invalid=\"false\" name=\"your-message\"><\/textarea><\/span>\n<\/p>\n<p><input class=\"wpcf7-form-control wpcf7-submit has-spinner\" type=\"submit\" value=\"\u0417\u0430\u0440\u0435\u0433\u0438\u0441\u0442\u0440\u0438\u0440\u043e\u0432\u0430\u0442\u044c\u0441\u044f\" \/>\n<\/p><div class=\"wpcf7-response-output\" aria-hidden=\"true\"><\/div>\n<input type=\"hidden\" name=\"trp-form-language\" value=\"ru\"\/><\/form>\n<\/div>\n<\/div>\n            <\/div>\t\t\t\t<\/div>\n\t\t\t\t<\/div>\n\t\t\t\t<\/div>\n\t\t<div class=\"elementor-element elementor-element-bf7b4f9 e-con-full e-flex wpr-particle-no wpr-jarallax-no wpr-parallax-no wpr-sticky-section-no e-con e-child\" data-id=\"bf7b4f9\" data-element_type=\"container\" data-e-type=\"container\" data-settings=\"{&quot;background_background&quot;:&quot;classic&quot;}\">\n\t\t\t\t<div class=\"elementor-element elementor-element-f2d3a09 elementor-widget elementor-widget-text-editor\" data-id=\"f2d3a09\" data-element_type=\"widget\" data-e-type=\"widget\" data-widget_type=\"text-editor.default\">\n\t\t\t\t<div class=\"elementor-widget-container\">\n\t\t\t\t\t\t\t\t\t<p><strong>Altera Autokool O\u00dc<\/strong><br \/>Reg.nr. 11950064<\/p><p>SWEDBANK: <br \/>EE732200221056642372<\/p><p>LHV:<br \/>EE337700771003420275<\/p><p><strong>TEL: +372 511 47 40<\/strong><br \/><strong>Narva mnt. 4 \u2013 204, II Korrus<\/strong><br \/><strong>Tallinn, Estonia<\/strong><br \/><strong>\u041e\u0441\u0442\u0430\u043d\u043e\u0432\u043a\u0430 \u201cHobujaama\u201d , \u0442\u0440\u0430\u043c\u0432\u0430\u0439 \u043d\u0440.1,3<\/strong><\/p>\t\t\t\t\t\t\t\t<\/div>\n\t\t\t\t<\/div>\n\t\t\t\t<div class=\"elementor-element elementor-element-a1536e2 elementor-widget elementor-widget-image\" data-id=\"a1536e2\" data-element_type=\"widget\" data-e-type=\"widget\" data-widget_type=\"image.default\">\n\t\t\t\t<div class=\"elementor-widget-container\">\n\t\t\t\t\t\t\t\t\t\t\t\t\t\t\t<img fetchpriority=\"high\" decoding=\"async\" width=\"800\" height=\"535\" src=\"https:\/\/altera.ee\/wp-content\/uploads\/2025\/01\/default_128_large_1586021661.jpg\" class=\"attachment-large size-large wp-image-770\" alt=\"\" srcset=\"https:\/\/altera.ee\/wp-content\/uploads\/2025\/01\/default_128_large_1586021661.jpg 969w, https:\/\/altera.ee\/wp-content\/uploads\/2025\/01\/default_128_large_1586021661-600x401.jpg 600w, https:\/\/altera.ee\/wp-content\/uploads\/2025\/01\/default_128_large_1586021661-300x201.jpg 300w, https:\/\/altera.ee\/wp-content\/uploads\/2025\/01\/default_128_large_1586021661-768x514.jpg 768w\" sizes=\"(max-width: 800px) 100vw, 800px\" \/>\t\t\t\t\t\t\t\t\t\t\t\t\t\t\t<\/div>\n\t\t\t\t<\/div>\n\t\t\t\t<\/div>\n\t\t\t\t\t<\/div>\n\t\t\t\t<\/div>\n\t\t\t\t<\/div>","protected":false},"excerpt":{"rendered":"<p>Teie nimi Teie email Teie telefoninumber Vali mis koolitusele registreerid: B-kategooriaBE-kategooriaA-kategooriaA1-kategooriaA2-kategooriaAM-kategooriaPimedas\u00f5itLibedas\u00f5itEsmaabi koolitusSoovin infot Mis kuup\u00e4evale soovid registreerida? VAATA TUNNIPLAANI Altera Autokool O\u00dcReg.nr. 11950064 SWEDBANK: EE732200221056642372 LHV:EE337700771003420275 TEL: +372 511 47 40Narva mnt. 4 \u2013 204, II KorrusTallinn, Estonia\u201cHobujaama\u201d peatus, tramm nr 1,3<\/p>","protected":false},"author":2,"featured_media":0,"parent":0,"menu_order":0,"comment_status":"closed","ping_status":"closed","template":"elementor_canvas","meta":{"footnotes":"","_links_to":"","_links_to_target":""},"class_list":["post-71","page","type-page","status-publish","hentry"],"_links":{"self":[{"href":"https:\/\/altera.ee\/ru\/wp-json\/wp\/v2\/pages\/71","targetHints":{"allow":["GET"]}}],"collection":[{"href":"https:\/\/altera.ee\/ru\/wp-json\/wp\/v2\/pages"}],"about":[{"href":"https:\/\/altera.ee\/ru\/wp-json\/wp\/v2\/types\/page"}],"author":[{"embeddable":true,"href":"https:\/\/altera.ee\/ru\/wp-json\/wp\/v2\/users\/2"}],"replies":[{"embeddable":true,"href":"https:\/\/altera.ee\/ru\/wp-json\/wp\/v2\/comments?post=71"}],"version-history":[{"count":22,"href":"https:\/\/altera.ee\/ru\/wp-json\/wp\/v2\/pages\/71\/revisions"}],"predecessor-version":[{"id":1855,"href":"https:\/\/altera.ee\/ru\/wp-json\/wp\/v2\/pages\/71\/revisions\/1855"}],"wp:attachment":[{"href":"https:\/\/altera.ee\/ru\/wp-json\/wp\/v2\/media?parent=71"}],"curies":[{"name":"wp","href":"https:\/\/api.w.org\/{rel}","templated":true}]}}