{"id":68,"date":"2025-01-27T12:24:53","date_gmt":"2025-01-27T12:24:53","guid":{"rendered":"https:\/\/altera.ee\/?page_id=68"},"modified":"2026-04-05T16:42:01","modified_gmt":"2026-04-05T13:42:01","slug":"hinnad","status":"publish","type":"page","link":"https:\/\/altera.ee\/ru\/hinnad\/","title":{"rendered":"\u0426\u0435\u043d\u044b"},"content":{"rendered":"<div data-elementor-type=\"wp-page\" data-elementor-id=\"68\" class=\"elementor elementor-68\">\n\t\t\t\t<div class=\"elementor-element elementor-element-fc11e46 e-flex e-con-boxed wpr-particle-no wpr-jarallax-no wpr-parallax-no wpr-sticky-section-no e-con e-parent\" data-id=\"fc11e46\" data-element_type=\"container\" data-e-type=\"container\">\n\t\t\t\t\t<div class=\"e-con-inner\">\n\t\t\t\t<div class=\"elementor-element elementor-element-3565ef6 elementor-widget elementor-widget-html\" data-id=\"3565ef6\" data-element_type=\"widget\" data-e-type=\"widget\" data-widget_type=\"html.default\">\n\t\t\t\t<div class=\"elementor-widget-container\">\n\t\t\t\t\t<div class=\"custom-table-container\">\r\n    <style>\r\n        .custom-table-container table {\r\n            width: 100%;\r\n            border-collapse: collapse;\r\n            margin: 20px 0;\r\n            background-color: #fff;\r\n            box-shadow: 0 4px 8px rgba(0, 0, 0, 0.1);\r\n        }\r\n        .custom-table-container th, .custom-table-container td {\r\n            border: 1px solid #ddd;\r\n            padding: 10px;\r\n            text-align: left;\r\n        }\r\n        .custom-table-container th {\r\n            background-color: #273896;\r\n            color: white;\r\n        }\r\n        .custom-table-container tr:nth-child(even) {\r\n            background-color: #eaeaea;\r\n        }\r\n    <\/style>\r\n\r\n    <table>\r\n        <thead>\r\n            <tr>\r\n                <th>\u041a\u0443\u0440\u0441<\/th>\r\n                <th>\u0421\u043e\u0434\u0435\u0440\u0436\u0430\u043d\u0438\u0435 \u043a\u0443\u0440\u0441\u0430<\/th>\r\n                <th>\u0426\u0435\u043d\u0430<\/th>\r\n            <\/tr>\r\n        <\/thead>\r\n        <tbody>\r\n            <tr>\r\n                <td>\u041a\u0443\u0440\u0441\u044b \u043a\u0430\u0442\u0435\u0433\u043e\u0440\u0438\u0438 \"B\"<\/td>\r\n                <td>29 \u0443\u0440\u043e\u043a\u043e\u0432 \u0442\u0435\u043e\u0440\u0438\u0438 (\u043f\u043e 45 \u043c\u0438\u043d\u0443\u0442)<br>28 \u0443\u0440\u043e\u043a\u043e\u0432 \u043f\u0440\u0430\u043a\u0442\u0438\u043a\u0438 (\u043f\u043e 45 \u043c\u0438\u043d\u0443\u0442)<br>3 \u043c\u0435\u0441\u044f\u0446\u0430 \u0434\u043e\u0441\u0442\u0443\u043f \u043a \u0442\u0435\u0441\u0442\u0430\u043c \u0432 \u0438\u043d\u0442\u0435\u0440\u043d\u0435\u0442\u0435<br>1 \u044d\u043a\u0437\u0430\u043c\u0435\u043d \u043f\u043e \u0442\u0435\u043e\u0440\u0438\u0438 - \u0431\u0435\u0441\u043f\u043b\u0430\u0442\u043d\u043e<\/td>\r\n                <td>Teooria: 390 EUR<br>\u041f\u0440\u0430\u043a\u0442\u0438\u043a\u0430: 700 EUR<\/td>\r\n            <\/tr>\r\n            <tr>\r\n                <td>\u0427\u0430\u0441 \u043f\u0440\u0430\u043a\u0442\u0438\u043a\u0438 \u043d\u0430 \u0430\u0432\u0442\u043e\u043c\u043e\u0431\u0438\u043b\u0435<\/td>\r\n                <td>\u041c\u0435\u0445\u0430\u043d\u0438\u043a\u0430 \u0438\u043b\u0438 \u0410\u041a\u041f\u041f<\/td>\r\n                <td>25 EUR<\/td>\r\n            <\/tr>\r\n            <tr>\r\n                <td>\u041a\u0443\u0440\u0441\u044b \u043a\u0430\u0442\u0435\u0433\u043e\u0440\u0438\u0438 \"\u0410\"<\/td>\r\n                <td>10 \u0443\u0440\u043e\u043a\u043e\u0432 \u0442\u0435\u043e\u0440\u0438\u0438 (\u043f\u043e 45 \u043c\u0438\u043d\u0443\u0442)<br>10 \u0443\u0440\u043e\u043a\u043e\u0432 \u043f\u0440\u0430\u043a\u0442\u0438\u043a\u0438 (\u043f\u043e 45 \u043c\u0438\u043d\u0443\u0442)<br>\u041f\u043e\u043b\u044c\u0437\u043e\u0432\u0430\u043d\u0438\u0435 \u043c\u043e\u0442\u043e\u044d\u043a\u0438\u043f\u0438\u0440\u043e\u0432\u043a\u043e\u0439<\/td>\r\n                <td>\u0422\u0435\u043e\u0440\u0438\u044f: 190 EUR<br>\u041f\u0440\u0430\u043a\u0442\u0438\u043a\u0430: 400 EUR<\/td>\r\n            <\/tr>\r\n            <tr>\r\n                <td>\u041a\u0443\u0440\u0441\u044b \u043a\u0430\u0442\u0435\u0433\u043e\u0440\u0438\u0438 \"\u04101\"<\/td>\r\n                <td>24 \u0443\u0440\u043e\u043a\u0430 \u0442\u0435\u043e\u0440\u0438\u0438 (\u043f\u043e 45 \u043c\u0438\u043d\u0443\u0442)<br>12 \u0443\u0440\u043e\u043a\u043e\u0432 \u0432\u043e\u0436\u0434\u0435\u043d\u0438\u044f (\u043f\u043e 45 \u043c\u0438\u043d\u0443\u0442)<br>\u041f\u043e\u043b\u044c\u0437\u043e\u0432\u0430\u043d\u0438\u0435 \u043c\u043e\u0442\u043e\u044d\u043a\u0438\u043f\u0438\u0440\u043e\u0432\u043a\u043e\u0439<\/td>\r\n                <td>\u0422\u0435\u043e\u0440\u0438\u044f: 240 EUR<br>\u041f\u0440\u0430\u043a\u0442\u0438\u043a\u0430: 450 EUR<\/td>\r\n            <\/tr>\r\n            <tr>\r\n                <td>\u041a\u0443\u0440\u0441\u044b \u043a\u0430\u0442\u0435\u0433\u043e\u0440\u0438\u0438 \"\u04102\" (\u0435\u0441\u043b\u0438 \u0435\u0441\u0442\u044c \u043f\u0440\u0430\u0432\u0430)<\/td>\r\n                <td>10 \u0443\u0440\u043e\u043a\u043e\u0432 \u0442\u0435\u043e\u0440\u0438\u0438 (\u043f\u043e 45 \u043c\u0438\u043d\u0443\u0442)<br>10 \u0443\u0440\u043e\u043a\u043e\u0432 \u043f\u0440\u0430\u043a\u0442\u0438\u043a\u0438 (\u043f\u043e 45 \u043c\u0438\u043d\u0443\u0442)<br>\u041f\u043e\u043b\u044c\u0437\u043e\u0432\u0430\u043d\u0438\u0435 \u043c\u043e\u0442\u043e\u044d\u043a\u0438\u043f\u0438\u0440\u043e\u0432\u043a\u043e\u0439<\/td>\r\n                <td>\u0422\u0435\u043e\u0440\u0438\u044f: 190 EUR<br>\u041f\u0440\u0430\u043a\u0442\u0438\u043a\u0430: 400 EUR<\/td>\r\n            <\/tr>\r\n            <tr>\r\n                <td>\u041a\u0443\u0440\u0441\u044b \u043a\u0430\u0442\u0435\u0433\u043e\u0440\u0438\u0438 \"\u0410\u041c\"<\/td>\r\n                <td>12 \u0443\u0440\u043e\u043a\u043e\u0432 \u0442\u0435\u043e\u0440\u0438\u0438<br>12 \u0443\u0440\u043e\u043a\u043e\u0432 \u0432\u043e\u0436\u0434\u0435\u043d\u0438\u044f (\u043f\u043e 45 \u043c\u0438\u043d\u0443\u0442)\r\n                <br>\u041f\u043e\u043b\u044c\u0437\u043e\u0432\u0430\u043d\u0438\u0435 \u043c\u043e\u0442\u043e\u044d\u043a\u0438\u043f\u0438\u0440\u043e\u0432\u043a\u043e\u0439<\/td>\r\n                <td>\u0422\u0435\u043e\u0440\u0438\u044f: 240 EUR<br>\u041f\u0440\u0430\u043a\u0442\u0438\u043a\u0430: 450 EUR<\/td>\r\n            <\/tr>\r\n            <tr>\r\n                <td>BE \u041a\u0430\u0442\u0435\u0433\u043e\u0440\u0438\u044f<\/td>\r\n                <td>\u0422\u0435\u043e\u0440\u0438\u044f\/\u041f\u0440\u0430\u043a\u0442\u0438\u043a\u0430<\/td>\r\n                <td>350 EUR<\/td>\r\n            <\/tr>\r\n            <tr>\r\n                <td>\u041f\u043e\u0432\u0442\u043e\u0440\u043d\u044b\u0439 \u044d\u043a\u0437\u0430\u043c\u0435\u043d \u043f\u043e \u0442\u0435\u043e\u0440\u0438\u0438<\/td>\r\n                <td><\/td>\r\n                <td>15 EUR<\/td>\r\n            <\/tr>\r\n            <tr>\r\n                <td>\u041a\u0443\u0440\u0441\u044b \u043f\u0435\u0440\u0432\u043e\u0439 \u043f\u043e\u043c\u043e\u0449\u0438<\/td>\r\n                <td>\u0422\u0435\u043e\u0440\u0438\u044f +<br>\u041f\u0440\u0430\u043a\u0442\u0438\u043a\u0430 \u043d\u0430 \u043c\u0430\u043d\u0435\u043a\u0435\u043d\u0435<br>\u0417\u0430\u0447\u0435\u0442 \u043f\u043e \u0442\u0435\u0441\u0442\u0430\u043c<\/td>\r\n                <td>50 EUR<\/td>\r\n            <\/tr>\r\n            <tr>\r\n                <td>\u041a\u0443\u0440\u0441\u044b \u043d\u043e\u0447\u043d\u043e\u0433\u043e \u0432\u043e\u0436\u0434\u0435\u043d\u0438\u044f<\/td>\r\n                <td>1 \u0443\u0440\u043e\u043a \u0442\u0435\u043e\u0440\u0438\u0438<br>1 \u0443\u0440\u043e\u043a \u043f\u0440\u0430\u043a\u0442\u0438\u043a\u0438<\/td>\r\n                <td>40 EUR<\/td>\r\n            <\/tr>\r\n            <tr>\r\n                <td>\u0421\u043a\u043e\u043b\u044c\u0437\u043a\u043e\u0435 \u0432\u043e\u0436\u0434\u0435\u043d\u0438\u0435<\/td>\r\n                <td>2 \u0443\u0440\u043e\u043a\u0430 \u0442\u0435\u043e\u0440\u0438\u0438<br>1 \u0443\u0440\u043e\u043a \u043f\u0440\u0430\u043a\u0442\u0438\u043a\u0438 \u043d\u0430 \u0441\u043a\u043e\u043b\u044c\u0437\u043a\u043e\u0439 \u0434\u043e\u0440\u043e\u0433\u0435 (\u043a\u0440\u0443\u0433\u043b\u044b\u0439 \u0433\u043e\u0434)<\/td>\r\n                <td>90 EUR<\/td>\r\n            <\/tr>\r\n            <tr>\r\n                <td>\u0417\u0430\u043a\u043b\u044e\u0447\u0438\u0442\u0435\u043b\u044c\u043d\u044b\u0439 \u044d\u0442\u0430\u043f (\u0437\u0438\u043c\u043d\u0435\u0435 \u0432\u043e\u0436\u0434\u0435\u043d\u0438\u0435)<\/td>\r\n                <td>\u0422\u0435\u043c\u044b:<br>\u041e\u0441\u043d\u043e\u0432\u044b \u0431\u0435\u0437\u043e\u043f\u0430\u0441\u043d\u043e\u0433\u043e \u0434\u0432\u0438\u0436\u0435\u043d\u0438\u044f<br>\u041e\u0441\u043d\u043e\u0432\u044b \u044d\u043a\u043e\u043d\u043e\u043c\u0438\u0447\u043d\u043e\u0433\u043e \u0434\u0432\u0438\u0436\u0435\u043d\u0438\u044f<br>\u041f\u0430\u0441\u0441\u0438\u0432\u043d\u0430\u044f \u0438 \u0430\u043a\u0442\u0438\u0432\u043d\u0430\u044f \u0431\u0435\u0437\u043e\u043f\u0430\u0441\u043d\u043e\u0441\u0442\u044c<br>\u041f\u0440\u0430\u043a\u0442\u0438\u043a\u0443\u043c \u043d\u0430 \u0442\u0440\u0435\u043d\u0430\u0436\u0435\u0440\u0430\u0445<br>\u0412\u043e\u0436\u0434\u0435\u043d\u0438\u0435 \u043d\u0430 \u0441\u043a\u043e\u043b\u044c\u0437\u043a\u043e\u0439 \u043f\u043b\u043e\u0449\u0430\u0434\u043a\u0435<\/td>\r\n                <td>140 EUR<\/td>\r\n            <\/tr>\r\n            <tr>\r\n                <td>\u041f\u0440\u043e\u0434\u043b\u0435\u043d\u0438\u0435 \u0434\u043e\u0433\u043e\u0432\u043e\u0440\u0430 \u043e\u0431\u0443\u0447\u0435\u043d\u0438\u044f<\/td>\r\n                <td>\u041f\u043e\u0441\u043b\u0435 \u043e\u0434\u043d\u043e\u0433\u043e \u0433\u043e\u0434\u0430<\/td>\r\n                <td>50 EUR<\/td>\r\n            <\/tr>\r\n            <tr>\r\n                <td>\u0421\u043f\u0440\u0430\u0432\u043a\u0430 \u0443\u0447\u0435\u043d\u0438\u043a\u0443<\/td>\r\n                <td><\/td>\r\n                <td>50 EUR<\/td>\r\n            <\/tr>\r\n        <\/tbody>\r\n    <\/table>\r\n<\/div>\t\t\t\t<\/div>\n\t\t\t\t<\/div>\n\t\t\t\t\t<\/div>\n\t\t\t\t<\/div>\n\t\t<div class=\"elementor-element elementor-element-dff23bd e-flex e-con-boxed wpr-particle-no wpr-jarallax-no wpr-parallax-no wpr-sticky-section-no e-con e-parent\" data-id=\"dff23bd\" data-element_type=\"container\" data-e-type=\"container\">\n\t\t\t\t\t<div class=\"e-con-inner\">\n\t\t\t\t<div class=\"elementor-element elementor-element-5991ed3 elementor-widget elementor-widget-text-editor\" data-id=\"5991ed3\" data-element_type=\"widget\" data-e-type=\"widget\" data-widget_type=\"text-editor.default\">\n\t\t\t\t<div class=\"elementor-widget-container\">\n\t\t\t\t\t\t\t\t\t<p>\u041f\u0440\u043e\u0441\u043d\u0443\u0432\u0448\u0438\u0441\u044c \u043e\u0434\u043d\u0430\u0436\u0434\u044b \u0443\u0442\u0440\u043e\u043c \u043f\u043e\u0441\u043b\u0435 \u0431\u0435\u0441\u043f\u043e\u043a\u043e\u0439\u043d\u043e\u0433\u043e \u0441\u043d\u0430, \u0413\u0440\u0435\u0433\u043e\u0440 \u0417\u0430\u043c\u0437\u0430 \u043e\u0431\u043d\u0430\u0440\u0443\u0436\u0438\u043b, \u0447\u0442\u043e \u043e\u043d \u0443 \u0441\u0435\u0431\u044f \u0432 \u043f\u043e\u0441\u0442\u0435\u043b\u0438 \u043f\u0440\u0435\u0432\u0440\u0430\u0442\u0438\u043b\u0441\u044f \u0432 \u0441\u0442\u0440\u0430\u0448\u043d\u043e\u0435 \u043d\u0430\u0441\u0435\u043a\u043e\u043c\u043e\u0435.<\/p>\t\t\t\t\t\t\t\t<\/div>\n\t\t\t\t<\/div>\n\t\t\t\t\t<\/div>\n\t\t\t\t<\/div>\n\t\t\t\t<\/div>","protected":false},"excerpt":{"rendered":"<p>Koolitus Koolituse sisu Hind B-kategooria kursused 29 teooriatundi (45 min)28 praktikatundi (45 min)3 kuud juurdep\u00e4\u00e4s testidele internetis1 teooriaeksam \u2014 tasuta Teooria: 390 EURPraktika: 700 EUR Praktikatund autoga Manuaal- v\u00f5i automaatk\u00e4igukast (45 min) 25 EUR A-kategooria kursused 10 teooriatundi (45 min)10 praktikatundi (45 min)Mootorrataste varustuse kasutamine Teooria: 190 EURPraktika: 400 EUR A1-kategooria kursused 24 teooriatundi (45 min)12 praktikatundi (45 min)Mootorrataste varustuse kasutamine Teooria: 240 EURPraktika: 450 EUR A2-kategooria kursused (juba olemas juhiluba) 10 teooriatundi (45 min)10 praktikatundi (45 min)Mootorrataste varustuse kasutamine Teooria: 190 EURPraktika: 400 EUR AM-kategooria kursused 12 teooriatundi (45 min)12 praktikatundi (45 min) Mootorrataste varustuse kasutamine Teooria: 240 EURPraktika: 450 EUR BE-kategooria Teooria\/praktika 350 EUR Teooriaeksami kordamine 15 EUR Esmaabi kursused Teooria +Praktika mannekeenigaTestide sooritamine 50 EUR Pimedas s\u00f5idu kursused 1 teooriatund1 praktikatund 40 EUR Libedas\u00f5idu kursused 2 teooriatundi1 praktikatund libedal teel (aastaringselt) 90 EUR L\u00f5ppastme koolitus (Talvine praktika) Teemad:&#8211; Ohutu s\u00f5idu alused&#8211; S\u00e4\u00e4stliku s\u00f5idu p\u00f5him\u00f5tted&#8211; Passiivne ja aktiivne ohutus&#8211; Harjutustel praktika&#8211; S\u00f5it libedal platsil 140 EUR \u00d5ppelepingu pikendamine P\u00e4rast 1 aastat 50 EUR \u00d5pilase t\u00f5end 50 EUR Lorem ipsum dolor sit amet, consectetur adipiscing elit. Ut elit tellus, luctus nec ullamcorper mattis, pulvinar dapibus leo.<\/p>","protected":false},"author":2,"featured_media":0,"parent":0,"menu_order":0,"comment_status":"closed","ping_status":"closed","template":"elementor_canvas","meta":{"footnotes":"","_links_to":"","_links_to_target":""},"class_list":["post-68","page","type-page","status-publish","hentry"],"_links":{"self":[{"href":"https:\/\/altera.ee\/ru\/wp-json\/wp\/v2\/pages\/68","targetHints":{"allow":["GET"]}}],"collection":[{"href":"https:\/\/altera.ee\/ru\/wp-json\/wp\/v2\/pages"}],"about":[{"href":"https:\/\/altera.ee\/ru\/wp-json\/wp\/v2\/types\/page"}],"author":[{"embeddable":true,"href":"https:\/\/altera.ee\/ru\/wp-json\/wp\/v2\/users\/2"}],"replies":[{"embeddable":true,"href":"https:\/\/altera.ee\/ru\/wp-json\/wp\/v2\/comments?post=68"}],"version-history":[{"count":34,"href":"https:\/\/altera.ee\/ru\/wp-json\/wp\/v2\/pages\/68\/revisions"}],"predecessor-version":[{"id":1867,"href":"https:\/\/altera.ee\/ru\/wp-json\/wp\/v2\/pages\/68\/revisions\/1867"}],"wp:attachment":[{"href":"https:\/\/altera.ee\/ru\/wp-json\/wp\/v2\/media?parent=68"}],"curies":[{"name":"wp","href":"https:\/\/api.w.org\/{rel}","templated":true}]}}